{"id":400,"date":"2013-06-07T11:34:14","date_gmt":"2013-06-07T11:34:14","guid":{"rendered":"http:\/\/demo2.woothemes.com\/woocommerce\/?post_type=product&amp;p=87"},"modified":"2024-10-16T08:46:34","modified_gmt":"2024-10-16T08:46:34","slug":"woo-album-2","status":"publish","type":"product","link":"http:\/\/biztonsagiaj.to\/en\/termek\/woo-album-2\/","title":{"rendered":"Pilers"},"content":{"rendered":"<p>Pellentesque habitant morbi tristique senectus et netus et malesuada fames ac turpis egestas. Vestibulum tortor quam, feugiat vitae, ultricies eget, tempor sit amet, ante. Donec eu libero sit amet quam egestas semper. Aenean ultricies mi vitae est. Mauris placerat eleifend leo.<\/p>\n","protected":false},"excerpt":{"rendered":"<p>Pellentesque habitant morbi tristique senectus et netus et malesuada fames ac turpis egestas. Vestibulum tortor quam, feugiat vitae, ultricies eget, tempor sit amet, ante. Donec eu libero sit amet quam egestas semper. Aenean ultricies mi vitae est. Mauris placerat eleifend leo.<\/p>\n","protected":false},"featured_media":324,"comment_status":"open","ping_status":"closed","template":"","meta":[],"product_cat":[37],"product_tag":[],"class_list":{"0":"post-400","1":"product","2":"type-product","3":"status-publish","4":"has-post-thumbnail","6":"product_cat-drills","8":"first","9":"instock","10":"downloadable","11":"taxable","12":"shipping-taxable","13":"purchasable","14":"product-type-simple"},"yoast_head":"<!-- This site is optimized with the Yoast SEO plugin v23.6 - https:\/\/yoast.com\/wordpress\/plugins\/seo\/ -->\n<title>Pilers - Biztons\u00e1gi ajt\u00f3<\/title>\n<meta name=\"robots\" content=\"index, follow, max-snippet:-1, max-image-preview:large, max-video-preview:-1\" \/>\n<link rel=\"canonical\" href=\"http:\/\/biztonsagiaj.to\/termek\/woo-album-2\/\" \/>\n<meta property=\"og:locale\" content=\"en_US\" \/>\n<meta property=\"og:type\" content=\"article\" \/>\n<meta property=\"og:title\" content=\"Pilers - Biztons\u00e1gi ajt\u00f3\" \/>\n<meta property=\"og:description\" content=\"Pellentesque habitant morbi tristique senectus et netus et malesuada fames ac turpis egestas. Vestibulum tortor quam, feugiat vitae, ultricies eget, tempor sit amet, ante. Donec eu libero sit amet quam egestas semper. Aenean ultricies mi vitae est. Mauris placerat eleifend leo.\" \/>\n<meta property=\"og:url\" content=\"http:\/\/biztonsagiaj.to\/termek\/woo-album-2\/\" \/>\n<meta property=\"og:site_name\" content=\"Biztons\u00e1gi ajt\u00f3\" \/>\n<meta property=\"article:modified_time\" content=\"2024-10-16T08:46:34+00:00\" \/>\n<meta property=\"og:image\" content=\"http:\/\/biztonsagiaj.to\/wp-content\/uploads\/2014\/11\/product_17.jpg\" \/>\n\t<meta property=\"og:image:width\" content=\"800\" \/>\n\t<meta property=\"og:image:height\" content=\"800\" \/>\n\t<meta property=\"og:image:type\" content=\"image\/jpeg\" \/>\n<meta name=\"twitter:card\" content=\"summary_large_image\" \/>\n<script type=\"application\/ld+json\" class=\"yoast-schema-graph\">{\"@context\":\"https:\/\/schema.org\",\"@graph\":[{\"@type\":\"WebPage\",\"@id\":\"http:\/\/biztonsagiaj.to\/termek\/woo-album-2\/\",\"url\":\"http:\/\/biztonsagiaj.to\/termek\/woo-album-2\/\",\"name\":\"Pilers - Biztons\u00e1gi ajt\u00f3\",\"isPartOf\":{\"@id\":\"https:\/\/biztonsagiaj.to\/#website\"},\"primaryImageOfPage\":{\"@id\":\"http:\/\/biztonsagiaj.to\/termek\/woo-album-2\/#primaryimage\"},\"image\":{\"@id\":\"http:\/\/biztonsagiaj.to\/termek\/woo-album-2\/#primaryimage\"},\"thumbnailUrl\":\"http:\/\/biztonsagiaj.to\/wp-content\/uploads\/2014\/11\/product_17.jpg\",\"datePublished\":\"2013-06-07T11:34:14+00:00\",\"dateModified\":\"2024-10-16T08:46:34+00:00\",\"breadcrumb\":{\"@id\":\"http:\/\/biztonsagiaj.to\/termek\/woo-album-2\/#breadcrumb\"},\"inLanguage\":\"en-US\",\"potentialAction\":[{\"@type\":\"ReadAction\",\"target\":[\"http:\/\/biztonsagiaj.to\/termek\/woo-album-2\/\"]}]},{\"@type\":\"ImageObject\",\"inLanguage\":\"en-US\",\"@id\":\"http:\/\/biztonsagiaj.to\/termek\/woo-album-2\/#primaryimage\",\"url\":\"http:\/\/biztonsagiaj.to\/wp-content\/uploads\/2014\/11\/product_17.jpg\",\"contentUrl\":\"http:\/\/biztonsagiaj.to\/wp-content\/uploads\/2014\/11\/product_17.jpg\",\"width\":800,\"height\":800},{\"@type\":\"BreadcrumbList\",\"@id\":\"http:\/\/biztonsagiaj.to\/termek\/woo-album-2\/#breadcrumb\",\"itemListElement\":[{\"@type\":\"ListItem\",\"position\":1,\"name\":\"Kezd\u0151lap\",\"item\":\"https:\/\/biztonsagiaj.to\/\"},{\"@type\":\"ListItem\",\"position\":2,\"name\":\"Products\",\"item\":\"http:\/\/biztonsagiaj.to\/en\/shop\/\"},{\"@type\":\"ListItem\",\"position\":3,\"name\":\"Pilers\"}]},{\"@type\":\"WebSite\",\"@id\":\"https:\/\/biztonsagiaj.to\/#website\",\"url\":\"https:\/\/biztonsagiaj.to\/\",\"name\":\"Biztons\u00e1gi ajt\u00f3\",\"description\":\"Biztons\u00e1g, elegancia. F\u00e1ra\u00f3 biztons\u00e1gi ajt\u00f3k\",\"potentialAction\":[{\"@type\":\"SearchAction\",\"target\":{\"@type\":\"EntryPoint\",\"urlTemplate\":\"https:\/\/biztonsagiaj.to\/?s={search_term_string}\"},\"query-input\":{\"@type\":\"PropertyValueSpecification\",\"valueRequired\":true,\"valueName\":\"search_term_string\"}}],\"inLanguage\":\"en-US\"}]}<\/script>\n<!-- \/ Yoast SEO plugin. -->","yoast_head_json":{"title":"Pilers - Biztons\u00e1gi ajt\u00f3","robots":{"index":"index","follow":"follow","max-snippet":"max-snippet:-1","max-image-preview":"max-image-preview:large","max-video-preview":"max-video-preview:-1"},"canonical":"http:\/\/biztonsagiaj.to\/termek\/woo-album-2\/","og_locale":"en_US","og_type":"article","og_title":"Pilers - Biztons\u00e1gi ajt\u00f3","og_description":"Pellentesque habitant morbi tristique senectus et netus et malesuada fames ac turpis egestas. Vestibulum tortor quam, feugiat vitae, ultricies eget, tempor sit amet, ante. Donec eu libero sit amet quam egestas semper. Aenean ultricies mi vitae est. Mauris placerat eleifend leo.","og_url":"http:\/\/biztonsagiaj.to\/termek\/woo-album-2\/","og_site_name":"Biztons\u00e1gi ajt\u00f3","article_modified_time":"2024-10-16T08:46:34+00:00","og_image":[{"width":800,"height":800,"url":"http:\/\/biztonsagiaj.to\/wp-content\/uploads\/2014\/11\/product_17.jpg","type":"image\/jpeg"}],"twitter_card":"summary_large_image","schema":{"@context":"https:\/\/schema.org","@graph":[{"@type":"WebPage","@id":"http:\/\/biztonsagiaj.to\/termek\/woo-album-2\/","url":"http:\/\/biztonsagiaj.to\/termek\/woo-album-2\/","name":"Pilers - Biztons\u00e1gi ajt\u00f3","isPartOf":{"@id":"https:\/\/biztonsagiaj.to\/#website"},"primaryImageOfPage":{"@id":"http:\/\/biztonsagiaj.to\/termek\/woo-album-2\/#primaryimage"},"image":{"@id":"http:\/\/biztonsagiaj.to\/termek\/woo-album-2\/#primaryimage"},"thumbnailUrl":"http:\/\/biztonsagiaj.to\/wp-content\/uploads\/2014\/11\/product_17.jpg","datePublished":"2013-06-07T11:34:14+00:00","dateModified":"2024-10-16T08:46:34+00:00","breadcrumb":{"@id":"http:\/\/biztonsagiaj.to\/termek\/woo-album-2\/#breadcrumb"},"inLanguage":"en-US","potentialAction":[{"@type":"ReadAction","target":["http:\/\/biztonsagiaj.to\/termek\/woo-album-2\/"]}]},{"@type":"ImageObject","inLanguage":"en-US","@id":"http:\/\/biztonsagiaj.to\/termek\/woo-album-2\/#primaryimage","url":"http:\/\/biztonsagiaj.to\/wp-content\/uploads\/2014\/11\/product_17.jpg","contentUrl":"http:\/\/biztonsagiaj.to\/wp-content\/uploads\/2014\/11\/product_17.jpg","width":800,"height":800},{"@type":"BreadcrumbList","@id":"http:\/\/biztonsagiaj.to\/termek\/woo-album-2\/#breadcrumb","itemListElement":[{"@type":"ListItem","position":1,"name":"Kezd\u0151lap","item":"https:\/\/biztonsagiaj.to\/"},{"@type":"ListItem","position":2,"name":"Products","item":"http:\/\/biztonsagiaj.to\/en\/shop\/"},{"@type":"ListItem","position":3,"name":"Pilers"}]},{"@type":"WebSite","@id":"https:\/\/biztonsagiaj.to\/#website","url":"https:\/\/biztonsagiaj.to\/","name":"Biztons\u00e1gi ajt\u00f3","description":"Biztons\u00e1g, elegancia. F\u00e1ra\u00f3 biztons\u00e1gi ajt\u00f3k","potentialAction":[{"@type":"SearchAction","target":{"@type":"EntryPoint","urlTemplate":"https:\/\/biztonsagiaj.to\/?s={search_term_string}"},"query-input":{"@type":"PropertyValueSpecification","valueRequired":true,"valueName":"search_term_string"}}],"inLanguage":"en-US"}]}},"_links":{"self":[{"href":"http:\/\/biztonsagiaj.to\/en\/wp-json\/wp\/v2\/product\/400"}],"collection":[{"href":"http:\/\/biztonsagiaj.to\/en\/wp-json\/wp\/v2\/product"}],"about":[{"href":"http:\/\/biztonsagiaj.to\/en\/wp-json\/wp\/v2\/types\/product"}],"replies":[{"embeddable":true,"href":"http:\/\/biztonsagiaj.to\/en\/wp-json\/wp\/v2\/comments?post=400"}],"wp:featuredmedia":[{"embeddable":true,"href":"http:\/\/biztonsagiaj.to\/en\/wp-json\/wp\/v2\/media\/324"}],"wp:attachment":[{"href":"http:\/\/biztonsagiaj.to\/en\/wp-json\/wp\/v2\/media?parent=400"}],"wp:term":[{"taxonomy":"product_cat","embeddable":true,"href":"http:\/\/biztonsagiaj.to\/en\/wp-json\/wp\/v2\/product_cat?post=400"},{"taxonomy":"product_tag","embeddable":true,"href":"http:\/\/biztonsagiaj.to\/en\/wp-json\/wp\/v2\/product_tag?post=400"}],"curies":[{"name":"wp","href":"https:\/\/api.w.org\/{rel}","templated":true}]}}