{"id":2294,"date":"2016-05-15T14:08:36","date_gmt":"2016-05-15T14:08:36","guid":{"rendered":"http:\/\/biztonsagiaj.to\/?page_id=2294"},"modified":"2016-06-18T11:10:11","modified_gmt":"2016-06-18T11:10:11","slug":"rolunk","status":"publish","type":"page","link":"https:\/\/biztonsagiaj.to\/en\/rolunk\/","title":{"rendered":"About us"},"content":{"rendered":"<p>&nbsp;<\/p>\n<p>After the turn the economy and the society Hungary dramatically changed. New requirements and expectations arose, and new characteristics came into the foreground.<a href=\"http:\/\/biztonsagiaj.to\/wp-content\/uploads\/2016\/05\/ajtokep123.jpg\"><img loading=\"lazy\" decoding=\"async\" class=\"alignright size-full wp-image-2387\" src=\"http:\/\/biztonsagiaj.to\/wp-content\/uploads\/2016\/05\/ajtokep123.jpg\" alt=\"ajtokep123\" width=\"200\" height=\"267\" \/><\/a><\/p>\n<p>The protection of the private property and the valuable articles significance gained. These realizations gave reasons for us in 1990 to begin manufacturing of the F\u00e1ra\u00f3 safety doors. In the past about one and a half decades nearly all characteristics of the doors changed but our goal remained always the same: the most important thing is that you and your family feel completely safe in your home. Up to today&#8217;s we produced more than 6000 doors.<\/p>\n<p>This fact and our 25-year old experiences in the construction industry guarantee your comfort and security.<\/p>\n<p>Hugyecz Mih\u00e1ly, Managing director<\/p>","protected":false},"excerpt":{"rendered":"<p>&nbsp; After the turn the economy and the society Hungary dramatically changed. New requirements and expectations arose, and new characteristics came into the foreground. The protection of the private property and the valuable articles significance gained. These realizations gave reasons for us in 1990 to begin manufacturing of the F\u00e1ra\u00f3 safety doors. In the past &hellip;<\/p>\n","protected":false},"author":1,"featured_media":0,"parent":0,"menu_order":0,"comment_status":"closed","ping_status":"closed","template":"template-builder-page.php","meta":{"footnotes":""},"class_list":["post-2294","page","type-page","status-publish","hentry"],"yoast_head":"<!-- This site is optimized with the Yoast SEO plugin v23.6 - https:\/\/yoast.com\/wordpress\/plugins\/seo\/ -->\n<title>About us - Biztons\u00e1gi ajt\u00f3<\/title>\n<meta name=\"robots\" content=\"index, follow, max-snippet:-1, max-image-preview:large, max-video-preview:-1\" \/>\n<link rel=\"canonical\" href=\"https:\/\/biztonsagiaj.to\/rolunk\/\" \/>\n<meta property=\"og:locale\" content=\"en_US\" \/>\n<meta property=\"og:type\" content=\"article\" \/>\n<meta property=\"og:title\" content=\"[:hu]R\u00f3lunk[:en]About us[:de]\u00dcber uns[:] - Biztons\u00e1gi ajt\u00f3\" \/>\n<meta property=\"og:description\" content=\"&nbsp; After the turn the economy and the society Hungary dramatically changed. New requirements and expectations arose, and new characteristics came into the foreground. The protection of the private property and the valuable articles significance gained. These realizations gave reasons for us in 1990 to begin manufacturing of the F\u00e1ra\u00f3 safety doors. In the past &hellip;\" \/>\n<meta property=\"og:url\" content=\"https:\/\/biztonsagiaj.to\/rolunk\/\" \/>\n<meta property=\"og:site_name\" content=\"Biztons\u00e1gi ajt\u00f3\" \/>\n<meta property=\"article:modified_time\" content=\"2016-06-18T11:10:11+00:00\" \/>\n<meta property=\"og:image\" content=\"http:\/\/biztonsagiaj.to\/wp-content\/uploads\/2016\/05\/ajtokep123.jpg\" \/>\n<meta name=\"twitter:card\" content=\"summary_large_image\" \/>\n<meta name=\"twitter:label1\" content=\"Est. reading time\" \/>\n\t<meta name=\"twitter:data1\" content=\"2 minutes\" \/>\n<script type=\"application\/ld+json\" class=\"yoast-schema-graph\">{\"@context\":\"https:\/\/schema.org\",\"@graph\":[{\"@type\":\"WebPage\",\"@id\":\"https:\/\/biztonsagiaj.to\/rolunk\/\",\"url\":\"https:\/\/biztonsagiaj.to\/rolunk\/\",\"name\":\"[:hu]R\u00f3lunk[:en]About us[:de]\u00dcber uns[:] - Biztons\u00e1gi ajt\u00f3\",\"isPartOf\":{\"@id\":\"https:\/\/biztonsagiaj.to\/#website\"},\"primaryImageOfPage\":{\"@id\":\"https:\/\/biztonsagiaj.to\/rolunk\/#primaryimage\"},\"image\":{\"@id\":\"https:\/\/biztonsagiaj.to\/rolunk\/#primaryimage\"},\"thumbnailUrl\":\"http:\/\/biztonsagiaj.to\/wp-content\/uploads\/2016\/05\/ajtokep123.jpg\",\"datePublished\":\"2016-05-15T14:08:36+00:00\",\"dateModified\":\"2016-06-18T11:10:11+00:00\",\"breadcrumb\":{\"@id\":\"https:\/\/biztonsagiaj.to\/rolunk\/#breadcrumb\"},\"inLanguage\":\"en-US\",\"potentialAction\":[{\"@type\":\"ReadAction\",\"target\":[\"https:\/\/biztonsagiaj.to\/rolunk\/\"]}]},{\"@type\":\"ImageObject\",\"inLanguage\":\"en-US\",\"@id\":\"https:\/\/biztonsagiaj.to\/rolunk\/#primaryimage\",\"url\":\"http:\/\/biztonsagiaj.to\/wp-content\/uploads\/2016\/05\/ajtokep123.jpg\",\"contentUrl\":\"http:\/\/biztonsagiaj.to\/wp-content\/uploads\/2016\/05\/ajtokep123.jpg\"},{\"@type\":\"BreadcrumbList\",\"@id\":\"https:\/\/biztonsagiaj.to\/rolunk\/#breadcrumb\",\"itemListElement\":[{\"@type\":\"ListItem\",\"position\":1,\"name\":\"Kezd\u0151lap\",\"item\":\"https:\/\/biztonsagiaj.to\/\"},{\"@type\":\"ListItem\",\"position\":2,\"name\":\"R\u00f3lunk\"}]},{\"@type\":\"WebSite\",\"@id\":\"https:\/\/biztonsagiaj.to\/#website\",\"url\":\"https:\/\/biztonsagiaj.to\/\",\"name\":\"Biztons\u00e1gi ajt\u00f3\",\"description\":\"Biztons\u00e1g, elegancia. F\u00e1ra\u00f3 biztons\u00e1gi ajt\u00f3k\",\"potentialAction\":[{\"@type\":\"SearchAction\",\"target\":{\"@type\":\"EntryPoint\",\"urlTemplate\":\"https:\/\/biztonsagiaj.to\/?s={search_term_string}\"},\"query-input\":{\"@type\":\"PropertyValueSpecification\",\"valueRequired\":true,\"valueName\":\"search_term_string\"}}],\"inLanguage\":\"en-US\"}]}<\/script>\n<!-- \/ Yoast SEO plugin. -->","yoast_head_json":{"title":"[:hu]R\u00f3lunk[:en]About us[:de]\u00dcber uns[:] - Biztons\u00e1gi ajt\u00f3","robots":{"index":"index","follow":"follow","max-snippet":"max-snippet:-1","max-image-preview":"max-image-preview:large","max-video-preview":"max-video-preview:-1"},"canonical":"https:\/\/biztonsagiaj.to\/rolunk\/","og_locale":"en_US","og_type":"article","og_title":"[:hu]R\u00f3lunk[:en]About us[:de]\u00dcber uns[:] - Biztons\u00e1gi ajt\u00f3","og_description":"&nbsp; After the turn the economy and the society Hungary dramatically changed. New requirements and expectations arose, and new characteristics came into the foreground. The protection of the private property and the valuable articles significance gained. These realizations gave reasons for us in 1990 to begin manufacturing of the F\u00e1ra\u00f3 safety doors. In the past &hellip;","og_url":"https:\/\/biztonsagiaj.to\/rolunk\/","og_site_name":"Biztons\u00e1gi ajt\u00f3","article_modified_time":"2016-06-18T11:10:11+00:00","og_image":[{"url":"http:\/\/biztonsagiaj.to\/wp-content\/uploads\/2016\/05\/ajtokep123.jpg"}],"twitter_card":"summary_large_image","twitter_misc":{"Est. reading time":"2 minutes"},"schema":{"@context":"https:\/\/schema.org","@graph":[{"@type":"WebPage","@id":"https:\/\/biztonsagiaj.to\/rolunk\/","url":"https:\/\/biztonsagiaj.to\/rolunk\/","name":"[:hu]R\u00f3lunk[:en]About us[:de]\u00dcber uns[:] - Biztons\u00e1gi ajt\u00f3","isPartOf":{"@id":"https:\/\/biztonsagiaj.to\/#website"},"primaryImageOfPage":{"@id":"https:\/\/biztonsagiaj.to\/rolunk\/#primaryimage"},"image":{"@id":"https:\/\/biztonsagiaj.to\/rolunk\/#primaryimage"},"thumbnailUrl":"http:\/\/biztonsagiaj.to\/wp-content\/uploads\/2016\/05\/ajtokep123.jpg","datePublished":"2016-05-15T14:08:36+00:00","dateModified":"2016-06-18T11:10:11+00:00","breadcrumb":{"@id":"https:\/\/biztonsagiaj.to\/rolunk\/#breadcrumb"},"inLanguage":"en-US","potentialAction":[{"@type":"ReadAction","target":["https:\/\/biztonsagiaj.to\/rolunk\/"]}]},{"@type":"ImageObject","inLanguage":"en-US","@id":"https:\/\/biztonsagiaj.to\/rolunk\/#primaryimage","url":"http:\/\/biztonsagiaj.to\/wp-content\/uploads\/2016\/05\/ajtokep123.jpg","contentUrl":"http:\/\/biztonsagiaj.to\/wp-content\/uploads\/2016\/05\/ajtokep123.jpg"},{"@type":"BreadcrumbList","@id":"https:\/\/biztonsagiaj.to\/rolunk\/#breadcrumb","itemListElement":[{"@type":"ListItem","position":1,"name":"Kezd\u0151lap","item":"https:\/\/biztonsagiaj.to\/"},{"@type":"ListItem","position":2,"name":"R\u00f3lunk"}]},{"@type":"WebSite","@id":"https:\/\/biztonsagiaj.to\/#website","url":"https:\/\/biztonsagiaj.to\/","name":"Biztons\u00e1gi ajt\u00f3","description":"Biztons\u00e1g, elegancia. F\u00e1ra\u00f3 biztons\u00e1gi ajt\u00f3k","potentialAction":[{"@type":"SearchAction","target":{"@type":"EntryPoint","urlTemplate":"https:\/\/biztonsagiaj.to\/?s={search_term_string}"},"query-input":{"@type":"PropertyValueSpecification","valueRequired":true,"valueName":"search_term_string"}}],"inLanguage":"en-US"}]}},"_links":{"self":[{"href":"https:\/\/biztonsagiaj.to\/en\/wp-json\/wp\/v2\/pages\/2294"}],"collection":[{"href":"https:\/\/biztonsagiaj.to\/en\/wp-json\/wp\/v2\/pages"}],"about":[{"href":"https:\/\/biztonsagiaj.to\/en\/wp-json\/wp\/v2\/types\/page"}],"author":[{"embeddable":true,"href":"https:\/\/biztonsagiaj.to\/en\/wp-json\/wp\/v2\/users\/1"}],"replies":[{"embeddable":true,"href":"https:\/\/biztonsagiaj.to\/en\/wp-json\/wp\/v2\/comments?post=2294"}],"version-history":[{"count":8,"href":"https:\/\/biztonsagiaj.to\/en\/wp-json\/wp\/v2\/pages\/2294\/revisions"}],"predecessor-version":[{"id":2502,"href":"https:\/\/biztonsagiaj.to\/en\/wp-json\/wp\/v2\/pages\/2294\/revisions\/2502"}],"wp:attachment":[{"href":"https:\/\/biztonsagiaj.to\/en\/wp-json\/wp\/v2\/media?parent=2294"}],"curies":[{"name":"wp","href":"https:\/\/api.w.org\/{rel}","templated":true}]}}