{"id":2297,"date":"2016-05-15T14:11:41","date_gmt":"2016-05-15T14:11:41","guid":{"rendered":"http:\/\/biztonsagiaj.to\/?page_id=2297"},"modified":"2016-06-10T17:54:49","modified_gmt":"2016-06-10T17:54:49","slug":"referenciak","status":"publish","type":"page","link":"https:\/\/biztonsagiaj.to\/en\/referenciak\/","title":{"rendered":"References"},"content":{"rendered":"<p><\/p>\n<h3>Our company co-operates with several building contractors.<br \/>\nWithout requirement on completeness in the following some partner enterprises are specified:<\/h3>\n<p><a href=\"http:\/\/www.bau-max.hu\/\" target=\"_blank\">Bau-Max Kft.<\/a><a href=\"http:\/\/biztonsagiaj.to\/wp-content\/uploads\/2016\/05\/ref1.jpg\"><img loading=\"lazy\" decoding=\"async\" class=\"alignright size-full wp-image-2384\" src=\"http:\/\/biztonsagiaj.to\/wp-content\/uploads\/2016\/05\/ref1.jpg\" alt=\"ref1\" width=\"240\" height=\"180\" srcset=\"https:\/\/biztonsagiaj.to\/wp-content\/uploads\/2016\/05\/ref1.jpg 240w, https:\/\/biztonsagiaj.to\/wp-content\/uploads\/2016\/05\/ref1-100x75.jpg 100w\" sizes=\"(max-width: 240px) 100vw, 240px\" \/><\/a><br \/>\n<a href=\"http:\/\/www.safeker.hu\/\" target=\"_blank\">Safe-Ker Kft.<\/a><br \/>\n<a href=\"http:\/\/www.bav.hu\/\" target=\"_blank\">B\u00c1V Rt.<\/a><br \/>\n<a href=\"http:\/\/www.fhb.hu\/\" target=\"_blank\">FHB Jelz\u00e1logbank Nyrt.<\/a><br \/>\n<a href=\"http:\/\/www.otp.hu\/\" target=\"_blank\">OTP Bank Nyrt.<\/a><br \/>\n<a href=\"http:\/\/www.persecutor.hu\/\" target=\"_blank\">Persecutor Kft.<\/a><br \/>\nTesco Global \u00c1ruh\u00e1zak Rt.<br \/>\nVilla Nova Kft.<br \/>\nHome Kft.<br \/>\nL\u00e1nyi \u00c9p\u00edt\u00e9szeti St\u00fadi\u00f3<\/p>\n<p>Our most important reference is our clientele from the population, because the majority of our orders comes from private people.<\/p>","protected":false},"excerpt":{"rendered":"<p>Our company co-operates with several building contractors. Without requirement on completeness in the following some partner enterprises are specified: Bau-Max Kft. Safe-Ker Kft. B\u00c1V Rt. FHB Jelz\u00e1logbank Nyrt. OTP Bank Nyrt. Persecutor Kft. Tesco Global \u00c1ruh\u00e1zak Rt. Villa Nova Kft. Home Kft. L\u00e1nyi \u00c9p\u00edt\u00e9szeti St\u00fadi\u00f3 Our most important reference is our clientele from the population, &hellip;<\/p>\n","protected":false},"author":1,"featured_media":0,"parent":0,"menu_order":0,"comment_status":"closed","ping_status":"closed","template":"template-builder-page.php","meta":{"footnotes":""},"class_list":["post-2297","page","type-page","status-publish","hentry"],"yoast_head":"<!-- This site is optimized with the Yoast SEO plugin v23.6 - https:\/\/yoast.com\/wordpress\/plugins\/seo\/ -->\n<title>References - Biztons\u00e1gi ajt\u00f3<\/title>\n<meta name=\"robots\" content=\"index, follow, max-snippet:-1, max-image-preview:large, max-video-preview:-1\" \/>\n<link rel=\"canonical\" href=\"https:\/\/biztonsagiaj.to\/referenciak\/\" \/>\n<meta property=\"og:locale\" content=\"en_US\" \/>\n<meta property=\"og:type\" content=\"article\" \/>\n<meta property=\"og:title\" content=\"[:hu]Referenci\u00e1k[:en]References[:de]Referenzen[:] - Biztons\u00e1gi ajt\u00f3\" \/>\n<meta property=\"og:description\" content=\"Our company co-operates with several building contractors. Without requirement on completeness in the following some partner enterprises are specified: Bau-Max Kft. Safe-Ker Kft. B\u00c1V Rt. FHB Jelz\u00e1logbank Nyrt. OTP Bank Nyrt. Persecutor Kft. Tesco Global \u00c1ruh\u00e1zak Rt. Villa Nova Kft. Home Kft. L\u00e1nyi \u00c9p\u00edt\u00e9szeti St\u00fadi\u00f3 Our most important reference is our clientele from the population, &hellip;\" \/>\n<meta property=\"og:url\" content=\"https:\/\/biztonsagiaj.to\/referenciak\/\" \/>\n<meta property=\"og:site_name\" content=\"Biztons\u00e1gi ajt\u00f3\" \/>\n<meta property=\"article:modified_time\" content=\"2016-06-10T17:54:49+00:00\" \/>\n<meta property=\"og:image\" content=\"http:\/\/biztonsagiaj.to\/wp-content\/uploads\/2016\/05\/ref1.jpg\" \/>\n<meta name=\"twitter:card\" content=\"summary_large_image\" \/>\n<meta name=\"twitter:label1\" content=\"Est. reading time\" \/>\n\t<meta name=\"twitter:data1\" content=\"1 minute\" \/>\n<script type=\"application\/ld+json\" class=\"yoast-schema-graph\">{\"@context\":\"https:\/\/schema.org\",\"@graph\":[{\"@type\":\"WebPage\",\"@id\":\"https:\/\/biztonsagiaj.to\/referenciak\/\",\"url\":\"https:\/\/biztonsagiaj.to\/referenciak\/\",\"name\":\"[:hu]Referenci\u00e1k[:en]References[:de]Referenzen[:] - Biztons\u00e1gi ajt\u00f3\",\"isPartOf\":{\"@id\":\"https:\/\/biztonsagiaj.to\/#website\"},\"primaryImageOfPage\":{\"@id\":\"https:\/\/biztonsagiaj.to\/referenciak\/#primaryimage\"},\"image\":{\"@id\":\"https:\/\/biztonsagiaj.to\/referenciak\/#primaryimage\"},\"thumbnailUrl\":\"http:\/\/biztonsagiaj.to\/wp-content\/uploads\/2016\/05\/ref1.jpg\",\"datePublished\":\"2016-05-15T14:11:41+00:00\",\"dateModified\":\"2016-06-10T17:54:49+00:00\",\"breadcrumb\":{\"@id\":\"https:\/\/biztonsagiaj.to\/referenciak\/#breadcrumb\"},\"inLanguage\":\"en-US\",\"potentialAction\":[{\"@type\":\"ReadAction\",\"target\":[\"https:\/\/biztonsagiaj.to\/referenciak\/\"]}]},{\"@type\":\"ImageObject\",\"inLanguage\":\"en-US\",\"@id\":\"https:\/\/biztonsagiaj.to\/referenciak\/#primaryimage\",\"url\":\"http:\/\/biztonsagiaj.to\/wp-content\/uploads\/2016\/05\/ref1.jpg\",\"contentUrl\":\"http:\/\/biztonsagiaj.to\/wp-content\/uploads\/2016\/05\/ref1.jpg\"},{\"@type\":\"BreadcrumbList\",\"@id\":\"https:\/\/biztonsagiaj.to\/referenciak\/#breadcrumb\",\"itemListElement\":[{\"@type\":\"ListItem\",\"position\":1,\"name\":\"Kezd\u0151lap\",\"item\":\"https:\/\/biztonsagiaj.to\/\"},{\"@type\":\"ListItem\",\"position\":2,\"name\":\"Referenci\u00e1k\"}]},{\"@type\":\"WebSite\",\"@id\":\"https:\/\/biztonsagiaj.to\/#website\",\"url\":\"https:\/\/biztonsagiaj.to\/\",\"name\":\"Biztons\u00e1gi ajt\u00f3\",\"description\":\"Biztons\u00e1g, elegancia. F\u00e1ra\u00f3 biztons\u00e1gi ajt\u00f3k\",\"potentialAction\":[{\"@type\":\"SearchAction\",\"target\":{\"@type\":\"EntryPoint\",\"urlTemplate\":\"https:\/\/biztonsagiaj.to\/?s={search_term_string}\"},\"query-input\":{\"@type\":\"PropertyValueSpecification\",\"valueRequired\":true,\"valueName\":\"search_term_string\"}}],\"inLanguage\":\"en-US\"}]}<\/script>\n<!-- \/ Yoast SEO plugin. -->","yoast_head_json":{"title":"[:hu]Referenci\u00e1k[:en]References[:de]Referenzen[:] - Biztons\u00e1gi ajt\u00f3","robots":{"index":"index","follow":"follow","max-snippet":"max-snippet:-1","max-image-preview":"max-image-preview:large","max-video-preview":"max-video-preview:-1"},"canonical":"https:\/\/biztonsagiaj.to\/referenciak\/","og_locale":"en_US","og_type":"article","og_title":"[:hu]Referenci\u00e1k[:en]References[:de]Referenzen[:] - Biztons\u00e1gi ajt\u00f3","og_description":"Our company co-operates with several building contractors. Without requirement on completeness in the following some partner enterprises are specified: Bau-Max Kft. Safe-Ker Kft. B\u00c1V Rt. FHB Jelz\u00e1logbank Nyrt. OTP Bank Nyrt. Persecutor Kft. Tesco Global \u00c1ruh\u00e1zak Rt. Villa Nova Kft. Home Kft. L\u00e1nyi \u00c9p\u00edt\u00e9szeti St\u00fadi\u00f3 Our most important reference is our clientele from the population, &hellip;","og_url":"https:\/\/biztonsagiaj.to\/referenciak\/","og_site_name":"Biztons\u00e1gi ajt\u00f3","article_modified_time":"2016-06-10T17:54:49+00:00","og_image":[{"url":"http:\/\/biztonsagiaj.to\/wp-content\/uploads\/2016\/05\/ref1.jpg"}],"twitter_card":"summary_large_image","twitter_misc":{"Est. reading time":"1 minute"},"schema":{"@context":"https:\/\/schema.org","@graph":[{"@type":"WebPage","@id":"https:\/\/biztonsagiaj.to\/referenciak\/","url":"https:\/\/biztonsagiaj.to\/referenciak\/","name":"[:hu]Referenci\u00e1k[:en]References[:de]Referenzen[:] - Biztons\u00e1gi ajt\u00f3","isPartOf":{"@id":"https:\/\/biztonsagiaj.to\/#website"},"primaryImageOfPage":{"@id":"https:\/\/biztonsagiaj.to\/referenciak\/#primaryimage"},"image":{"@id":"https:\/\/biztonsagiaj.to\/referenciak\/#primaryimage"},"thumbnailUrl":"http:\/\/biztonsagiaj.to\/wp-content\/uploads\/2016\/05\/ref1.jpg","datePublished":"2016-05-15T14:11:41+00:00","dateModified":"2016-06-10T17:54:49+00:00","breadcrumb":{"@id":"https:\/\/biztonsagiaj.to\/referenciak\/#breadcrumb"},"inLanguage":"en-US","potentialAction":[{"@type":"ReadAction","target":["https:\/\/biztonsagiaj.to\/referenciak\/"]}]},{"@type":"ImageObject","inLanguage":"en-US","@id":"https:\/\/biztonsagiaj.to\/referenciak\/#primaryimage","url":"http:\/\/biztonsagiaj.to\/wp-content\/uploads\/2016\/05\/ref1.jpg","contentUrl":"http:\/\/biztonsagiaj.to\/wp-content\/uploads\/2016\/05\/ref1.jpg"},{"@type":"BreadcrumbList","@id":"https:\/\/biztonsagiaj.to\/referenciak\/#breadcrumb","itemListElement":[{"@type":"ListItem","position":1,"name":"Kezd\u0151lap","item":"https:\/\/biztonsagiaj.to\/"},{"@type":"ListItem","position":2,"name":"Referenci\u00e1k"}]},{"@type":"WebSite","@id":"https:\/\/biztonsagiaj.to\/#website","url":"https:\/\/biztonsagiaj.to\/","name":"Biztons\u00e1gi ajt\u00f3","description":"Biztons\u00e1g, elegancia. F\u00e1ra\u00f3 biztons\u00e1gi ajt\u00f3k","potentialAction":[{"@type":"SearchAction","target":{"@type":"EntryPoint","urlTemplate":"https:\/\/biztonsagiaj.to\/?s={search_term_string}"},"query-input":{"@type":"PropertyValueSpecification","valueRequired":true,"valueName":"search_term_string"}}],"inLanguage":"en-US"}]}},"_links":{"self":[{"href":"https:\/\/biztonsagiaj.to\/en\/wp-json\/wp\/v2\/pages\/2297"}],"collection":[{"href":"https:\/\/biztonsagiaj.to\/en\/wp-json\/wp\/v2\/pages"}],"about":[{"href":"https:\/\/biztonsagiaj.to\/en\/wp-json\/wp\/v2\/types\/page"}],"author":[{"embeddable":true,"href":"https:\/\/biztonsagiaj.to\/en\/wp-json\/wp\/v2\/users\/1"}],"replies":[{"embeddable":true,"href":"https:\/\/biztonsagiaj.to\/en\/wp-json\/wp\/v2\/comments?post=2297"}],"version-history":[{"count":4,"href":"https:\/\/biztonsagiaj.to\/en\/wp-json\/wp\/v2\/pages\/2297\/revisions"}],"predecessor-version":[{"id":2497,"href":"https:\/\/biztonsagiaj.to\/en\/wp-json\/wp\/v2\/pages\/2297\/revisions\/2497"}],"wp:attachment":[{"href":"https:\/\/biztonsagiaj.to\/en\/wp-json\/wp\/v2\/media?parent=2297"}],"curies":[{"name":"wp","href":"https:\/\/api.w.org\/{rel}","templated":true}]}}