{"id":2299,"date":"2016-05-15T14:12:13","date_gmt":"2016-05-15T14:12:13","guid":{"rendered":"http:\/\/biztonsagiaj.to\/?page_id=2299"},"modified":"2016-05-16T07:41:43","modified_gmt":"2016-05-16T07:41:43","slug":"galeria","status":"publish","type":"page","link":"https:\/\/biztonsagiaj.to\/en\/galeria\/","title":{"rendered":"Gallery"},"content":{"rendered":"<div id=\"pl-2299\"  class=\"panel-layout\" ><div id=\"pg-2299-0\"  class=\"panel-grid panel-no-style\" ><div id=\"pgc-2299-0-0\"  class=\"panel-grid-cell panel-grid-cell-empty\" ><\/div><\/div><div id=\"pg-2299-1\"  class=\"panel-grid panel-no-style\" ><div id=\"pgc-2299-1-0\"  class=\"panel-grid-cell\" ><div id=\"panel-2299-1-0-0\" class=\"so-panel widget widget_sow-image panel-first-child panel-last-child\" data-index=\"0\" ><div\n\t\t\t\n\t\t\tclass=\"so-widget-sow-image so-widget-sow-image-default-8b5b6f678277-2299\"\n\t\t\t\n\t\t>\n\n<div class=\"sow-image-container\">\n\t\t\t<a href=\"http:\/\/biztonsagiaj.to\/wp-content\/uploads\/2016\/05\/1.jpg\"\n\t\t\t\t\t>\n\t\t\t<img loading=\"lazy\" decoding=\"async\" src=\"https:\/\/biztonsagiaj.to\/wp-content\/uploads\/2016\/05\/1.jpg\" width=\"113\" height=\"150\" srcset=\"https:\/\/biztonsagiaj.to\/wp-content\/uploads\/2016\/05\/1.jpg 600w, https:\/\/biztonsagiaj.to\/wp-content\/uploads\/2016\/05\/1-225x300.jpg 225w, https:\/\/biztonsagiaj.to\/wp-content\/uploads\/2016\/05\/1-416x555.jpg 416w\" sizes=\"(max-width: 113px) 100vw, 113px\" alt=\"\" \t\tclass=\"so-widget-image\"\/>\n\t<\/a><\/div>\n\n<\/div><\/div><\/div><div id=\"pgc-2299-1-1\"  class=\"panel-grid-cell\" ><div id=\"panel-2299-1-1-0\" class=\"so-panel widget widget_sow-image panel-first-child panel-last-child\" data-index=\"1\" ><div\n\t\t\t\n\t\t\tclass=\"so-widget-sow-image so-widget-sow-image-default-8b5b6f678277-2299\"\n\t\t\t\n\t\t>\n\n<div class=\"sow-image-container\">\n\t\t\t<a href=\"http:\/\/biztonsagiaj.to\/wp-content\/uploads\/2016\/05\/13.jpg\"\n\t\t\t\t\t>\n\t\t\t<img loading=\"lazy\" decoding=\"async\" src=\"https:\/\/biztonsagiaj.to\/wp-content\/uploads\/2016\/05\/13.jpg\" width=\"113\" height=\"150\" srcset=\"https:\/\/biztonsagiaj.to\/wp-content\/uploads\/2016\/05\/13.jpg 600w, https:\/\/biztonsagiaj.to\/wp-content\/uploads\/2016\/05\/13-225x300.jpg 225w, https:\/\/biztonsagiaj.to\/wp-content\/uploads\/2016\/05\/13-416x555.jpg 416w\" sizes=\"(max-width: 113px) 100vw, 113px\" alt=\"\" \t\tclass=\"so-widget-image\"\/>\n\t<\/a><\/div>\n\n<\/div><\/div><\/div><div id=\"pgc-2299-1-2\"  class=\"panel-grid-cell\" ><div id=\"panel-2299-1-2-0\" class=\"so-panel widget widget_sow-image panel-first-child panel-last-child\" data-index=\"2\" ><div\n\t\t\t\n\t\t\tclass=\"so-widget-sow-image so-widget-sow-image-default-8b5b6f678277-2299\"\n\t\t\t\n\t\t>\n\n<div class=\"sow-image-container\">\n\t\t\t<a href=\"http:\/\/biztonsagiaj.to\/wp-content\/uploads\/2016\/05\/12.jpg\"\n\t\t\t\t\t>\n\t\t\t<img loading=\"lazy\" decoding=\"async\" src=\"https:\/\/biztonsagiaj.to\/wp-content\/uploads\/2016\/05\/12.jpg\" width=\"113\" height=\"150\" srcset=\"https:\/\/biztonsagiaj.to\/wp-content\/uploads\/2016\/05\/12.jpg 600w, https:\/\/biztonsagiaj.to\/wp-content\/uploads\/2016\/05\/12-225x300.jpg 225w, https:\/\/biztonsagiaj.to\/wp-content\/uploads\/2016\/05\/12-416x555.jpg 416w\" sizes=\"(max-width: 113px) 100vw, 113px\" alt=\"\" \t\tclass=\"so-widget-image\"\/>\n\t<\/a><\/div>\n\n<\/div><\/div><\/div><div id=\"pgc-2299-1-3\"  class=\"panel-grid-cell\" ><div id=\"panel-2299-1-3-0\" class=\"so-panel widget widget_sow-image panel-first-child panel-last-child\" data-index=\"3\" ><div\n\t\t\t\n\t\t\tclass=\"so-widget-sow-image so-widget-sow-image-default-8b5b6f678277-2299\"\n\t\t\t\n\t\t>\n\n<div class=\"sow-image-container\">\n\t\t\t<a href=\"http:\/\/biztonsagiaj.to\/wp-content\/uploads\/2016\/05\/11.jpg\"\n\t\t\t\t\t>\n\t\t\t<img loading=\"lazy\" decoding=\"async\" src=\"https:\/\/biztonsagiaj.to\/wp-content\/uploads\/2016\/05\/11.jpg\" width=\"113\" height=\"150\" srcset=\"https:\/\/biztonsagiaj.to\/wp-content\/uploads\/2016\/05\/11.jpg 600w, https:\/\/biztonsagiaj.to\/wp-content\/uploads\/2016\/05\/11-225x300.jpg 225w, https:\/\/biztonsagiaj.to\/wp-content\/uploads\/2016\/05\/11-416x555.jpg 416w\" sizes=\"(max-width: 113px) 100vw, 113px\" alt=\"\" \t\tclass=\"so-widget-image\"\/>\n\t<\/a><\/div>\n\n<\/div><\/div><\/div><div id=\"pgc-2299-1-4\"  class=\"panel-grid-cell\" ><div id=\"panel-2299-1-4-0\" class=\"so-panel widget widget_sow-image panel-first-child panel-last-child\" data-index=\"4\" ><div\n\t\t\t\n\t\t\tclass=\"so-widget-sow-image so-widget-sow-image-default-8b5b6f678277-2299\"\n\t\t\t\n\t\t>\n\n<div class=\"sow-image-container\">\n\t\t\t<a href=\"http:\/\/biztonsagiaj.to\/wp-content\/uploads\/2016\/05\/10.jpg\"\n\t\t\t\t\t>\n\t\t\t<img loading=\"lazy\" decoding=\"async\" src=\"https:\/\/biztonsagiaj.to\/wp-content\/uploads\/2016\/05\/10.jpg\" width=\"113\" height=\"150\" srcset=\"https:\/\/biztonsagiaj.to\/wp-content\/uploads\/2016\/05\/10.jpg 600w, https:\/\/biztonsagiaj.to\/wp-content\/uploads\/2016\/05\/10-225x300.jpg 225w, https:\/\/biztonsagiaj.to\/wp-content\/uploads\/2016\/05\/10-416x555.jpg 416w\" sizes=\"(max-width: 113px) 100vw, 113px\" alt=\"\" \t\tclass=\"so-widget-image\"\/>\n\t<\/a><\/div>\n\n<\/div><\/div><\/div><\/div><div id=\"pg-2299-2\"  class=\"panel-grid panel-no-style\" ><div id=\"pgc-2299-2-0\"  class=\"panel-grid-cell\" ><div id=\"panel-2299-2-0-0\" class=\"so-panel widget widget_sow-image panel-first-child panel-last-child\" data-index=\"5\" ><div\n\t\t\t\n\t\t\tclass=\"so-widget-sow-image so-widget-sow-image-default-8b5b6f678277-2299\"\n\t\t\t\n\t\t>\n\n<div class=\"sow-image-container\">\n\t\t\t<a href=\"http:\/\/biztonsagiaj.to\/wp-content\/uploads\/2016\/05\/9.jpg\"\n\t\t\t\t\t>\n\t\t\t<img loading=\"lazy\" decoding=\"async\" src=\"https:\/\/biztonsagiaj.to\/wp-content\/uploads\/2016\/05\/9.jpg\" width=\"113\" height=\"150\" srcset=\"https:\/\/biztonsagiaj.to\/wp-content\/uploads\/2016\/05\/9.jpg 600w, https:\/\/biztonsagiaj.to\/wp-content\/uploads\/2016\/05\/9-225x300.jpg 225w, https:\/\/biztonsagiaj.to\/wp-content\/uploads\/2016\/05\/9-416x555.jpg 416w\" sizes=\"(max-width: 113px) 100vw, 113px\" alt=\"\" \t\tclass=\"so-widget-image\"\/>\n\t<\/a><\/div>\n\n<\/div><\/div><\/div><div id=\"pgc-2299-2-1\"  class=\"panel-grid-cell\" ><div id=\"panel-2299-2-1-0\" class=\"so-panel widget widget_sow-image panel-first-child panel-last-child\" data-index=\"6\" ><div\n\t\t\t\n\t\t\tclass=\"so-widget-sow-image so-widget-sow-image-default-8b5b6f678277-2299\"\n\t\t\t\n\t\t>\n\n<div class=\"sow-image-container\">\n\t\t\t<a href=\"http:\/\/biztonsagiaj.to\/wp-content\/uploads\/2016\/05\/8.jpg\"\n\t\t\t\t\t>\n\t\t\t<img loading=\"lazy\" decoding=\"async\" src=\"https:\/\/biztonsagiaj.to\/wp-content\/uploads\/2016\/05\/8.jpg\" width=\"113\" height=\"150\" srcset=\"https:\/\/biztonsagiaj.to\/wp-content\/uploads\/2016\/05\/8.jpg 600w, https:\/\/biztonsagiaj.to\/wp-content\/uploads\/2016\/05\/8-225x300.jpg 225w, https:\/\/biztonsagiaj.to\/wp-content\/uploads\/2016\/05\/8-416x555.jpg 416w\" sizes=\"(max-width: 113px) 100vw, 113px\" alt=\"\" \t\tclass=\"so-widget-image\"\/>\n\t<\/a><\/div>\n\n<\/div><\/div><\/div><div id=\"pgc-2299-2-2\"  class=\"panel-grid-cell\" ><div id=\"panel-2299-2-2-0\" class=\"so-panel widget widget_sow-image panel-first-child panel-last-child\" data-index=\"7\" ><div\n\t\t\t\n\t\t\tclass=\"so-widget-sow-image so-widget-sow-image-default-8b5b6f678277-2299\"\n\t\t\t\n\t\t>\n\n<div class=\"sow-image-container\">\n\t\t\t<a href=\"http:\/\/biztonsagiaj.to\/wp-content\/uploads\/2016\/05\/7.jpg\"\n\t\t\t\t\t>\n\t\t\t<img loading=\"lazy\" decoding=\"async\" src=\"https:\/\/biztonsagiaj.to\/wp-content\/uploads\/2016\/05\/7.jpg\" width=\"113\" height=\"150\" srcset=\"https:\/\/biztonsagiaj.to\/wp-content\/uploads\/2016\/05\/7.jpg 600w, https:\/\/biztonsagiaj.to\/wp-content\/uploads\/2016\/05\/7-225x300.jpg 225w, https:\/\/biztonsagiaj.to\/wp-content\/uploads\/2016\/05\/7-416x555.jpg 416w\" sizes=\"(max-width: 113px) 100vw, 113px\" alt=\"\" \t\tclass=\"so-widget-image\"\/>\n\t<\/a><\/div>\n\n<\/div><\/div><\/div><div id=\"pgc-2299-2-3\"  class=\"panel-grid-cell\" ><div id=\"panel-2299-2-3-0\" class=\"so-panel widget widget_sow-image panel-first-child panel-last-child\" data-index=\"8\" ><div\n\t\t\t\n\t\t\tclass=\"so-widget-sow-image so-widget-sow-image-default-8b5b6f678277-2299\"\n\t\t\t\n\t\t>\n\n<div class=\"sow-image-container\">\n\t\t\t<a href=\"http:\/\/biztonsagiaj.to\/wp-content\/uploads\/2016\/05\/6.jpg\"\n\t\t\t\t\t>\n\t\t\t<img loading=\"lazy\" decoding=\"async\" src=\"https:\/\/biztonsagiaj.to\/wp-content\/uploads\/2016\/05\/6.jpg\" width=\"113\" height=\"150\" srcset=\"https:\/\/biztonsagiaj.to\/wp-content\/uploads\/2016\/05\/6.jpg 600w, https:\/\/biztonsagiaj.to\/wp-content\/uploads\/2016\/05\/6-225x300.jpg 225w, https:\/\/biztonsagiaj.to\/wp-content\/uploads\/2016\/05\/6-416x555.jpg 416w\" sizes=\"(max-width: 113px) 100vw, 113px\" alt=\"\" \t\tclass=\"so-widget-image\"\/>\n\t<\/a><\/div>\n\n<\/div><\/div><\/div><div id=\"pgc-2299-2-4\"  class=\"panel-grid-cell\" ><div id=\"panel-2299-2-4-0\" class=\"so-panel widget widget_sow-image panel-first-child panel-last-child\" data-index=\"9\" ><div\n\t\t\t\n\t\t\tclass=\"so-widget-sow-image so-widget-sow-image-default-8b5b6f678277-2299\"\n\t\t\t\n\t\t>\n\n<div class=\"sow-image-container\">\n\t\t\t<a href=\"http:\/\/biztonsagiaj.to\/wp-content\/uploads\/2016\/05\/5.jpg\"\n\t\t\t\t\t>\n\t\t\t<img loading=\"lazy\" decoding=\"async\" src=\"https:\/\/biztonsagiaj.to\/wp-content\/uploads\/2016\/05\/5.jpg\" width=\"113\" height=\"150\" srcset=\"https:\/\/biztonsagiaj.to\/wp-content\/uploads\/2016\/05\/5.jpg 600w, https:\/\/biztonsagiaj.to\/wp-content\/uploads\/2016\/05\/5-225x300.jpg 225w, https:\/\/biztonsagiaj.to\/wp-content\/uploads\/2016\/05\/5-416x555.jpg 416w\" sizes=\"(max-width: 113px) 100vw, 113px\" alt=\"\" \t\tclass=\"so-widget-image\"\/>\n\t<\/a><\/div>\n\n<\/div><\/div><\/div><\/div><div id=\"pg-2299-3\"  class=\"panel-grid panel-no-style\" ><div id=\"pgc-2299-3-0\"  class=\"panel-grid-cell\" ><div id=\"panel-2299-3-0-0\" class=\"so-panel widget widget_sow-image panel-first-child panel-last-child\" data-index=\"10\" ><div\n\t\t\t\n\t\t\tclass=\"so-widget-sow-image so-widget-sow-image-default-8b5b6f678277-2299\"\n\t\t\t\n\t\t>\n\n<div class=\"sow-image-container\">\n\t\t\t<a href=\"http:\/\/biztonsagiaj.to\/wp-content\/uploads\/2016\/05\/4.jpg\"\n\t\t\t\t\t>\n\t\t\t<img loading=\"lazy\" decoding=\"async\" src=\"https:\/\/biztonsagiaj.to\/wp-content\/uploads\/2016\/05\/4.jpg\" width=\"113\" height=\"150\" srcset=\"https:\/\/biztonsagiaj.to\/wp-content\/uploads\/2016\/05\/4.jpg 600w, https:\/\/biztonsagiaj.to\/wp-content\/uploads\/2016\/05\/4-225x300.jpg 225w, https:\/\/biztonsagiaj.to\/wp-content\/uploads\/2016\/05\/4-416x555.jpg 416w\" sizes=\"(max-width: 113px) 100vw, 113px\" alt=\"\" \t\tclass=\"so-widget-image\"\/>\n\t<\/a><\/div>\n\n<\/div><\/div><\/div><div id=\"pgc-2299-3-1\"  class=\"panel-grid-cell\" ><div id=\"panel-2299-3-1-0\" class=\"so-panel widget widget_sow-image panel-first-child panel-last-child\" data-index=\"11\" ><div\n\t\t\t\n\t\t\tclass=\"so-widget-sow-image so-widget-sow-image-default-8b5b6f678277-2299\"\n\t\t\t\n\t\t>\n\n<div class=\"sow-image-container\">\n\t\t\t<a href=\"http:\/\/biztonsagiaj.to\/wp-content\/uploads\/2016\/05\/2.jpg\"\n\t\t\t\t\t>\n\t\t\t<img loading=\"lazy\" decoding=\"async\" src=\"https:\/\/biztonsagiaj.to\/wp-content\/uploads\/2016\/05\/2.jpg\" width=\"113\" height=\"150\" srcset=\"https:\/\/biztonsagiaj.to\/wp-content\/uploads\/2016\/05\/2.jpg 600w, https:\/\/biztonsagiaj.to\/wp-content\/uploads\/2016\/05\/2-225x300.jpg 225w, https:\/\/biztonsagiaj.to\/wp-content\/uploads\/2016\/05\/2-416x555.jpg 416w\" sizes=\"(max-width: 113px) 100vw, 113px\" alt=\"\" \t\tclass=\"so-widget-image\"\/>\n\t<\/a><\/div>\n\n<\/div><\/div><\/div><div id=\"pgc-2299-3-2\"  class=\"panel-grid-cell\" ><div id=\"panel-2299-3-2-0\" class=\"so-panel widget widget_sow-image panel-first-child panel-last-child\" data-index=\"12\" ><div\n\t\t\t\n\t\t\tclass=\"so-widget-sow-image so-widget-sow-image-default-8b5b6f678277-2299\"\n\t\t\t\n\t\t>\n\n<div class=\"sow-image-container\">\n\t\t\t<a href=\"http:\/\/biztonsagiaj.to\/wp-content\/uploads\/2016\/05\/14.jpg\"\n\t\t\t\t\t>\n\t\t\t<img loading=\"lazy\" decoding=\"async\" src=\"https:\/\/biztonsagiaj.to\/wp-content\/uploads\/2016\/05\/14.jpg\" width=\"71\" height=\"150\" srcset=\"https:\/\/biztonsagiaj.to\/wp-content\/uploads\/2016\/05\/14.jpg 600w, https:\/\/biztonsagiaj.to\/wp-content\/uploads\/2016\/05\/14-143x300.jpg 143w, https:\/\/biztonsagiaj.to\/wp-content\/uploads\/2016\/05\/14-487x1024.jpg 487w, https:\/\/biztonsagiaj.to\/wp-content\/uploads\/2016\/05\/14-264x555.jpg 264w\" sizes=\"(max-width: 71px) 100vw, 71px\" alt=\"\" \t\tclass=\"so-widget-image\"\/>\n\t<\/a><\/div>\n\n<\/div><\/div><\/div><div id=\"pgc-2299-3-3\"  class=\"panel-grid-cell panel-grid-cell-empty panel-grid-cell-mobile-last\" ><\/div><div id=\"pgc-2299-3-4\"  class=\"panel-grid-cell panel-grid-cell-empty\" ><\/div><\/div><\/div>","protected":false},"excerpt":{"rendered":"","protected":false},"author":1,"featured_media":0,"parent":0,"menu_order":0,"comment_status":"closed","ping_status":"closed","template":"template-builder-page.php","meta":{"footnotes":""},"class_list":["post-2299","page","type-page","status-publish","hentry"],"yoast_head":"<!-- This site is optimized with the Yoast SEO plugin v23.6 - https:\/\/yoast.com\/wordpress\/plugins\/seo\/ -->\n<title>Gallery - Biztons\u00e1gi ajt\u00f3<\/title>\n<meta name=\"robots\" content=\"index, follow, max-snippet:-1, max-image-preview:large, max-video-preview:-1\" \/>\n<link rel=\"canonical\" href=\"https:\/\/biztonsagiaj.to\/en\/galeria\/\" \/>\n<meta property=\"og:locale\" content=\"en_US\" \/>\n<meta property=\"og:type\" content=\"article\" \/>\n<meta property=\"og:title\" content=\"[:hu]Gal\u00e9ria[:en]Gallery[:de]Galerie[:] - Biztons\u00e1gi ajt\u00f3\" \/>\n<meta property=\"og:url\" content=\"https:\/\/biztonsagiaj.to\/en\/galeria\/\" \/>\n<meta property=\"og:site_name\" content=\"Biztons\u00e1gi ajt\u00f3\" \/>\n<meta property=\"article:modified_time\" content=\"2016-05-16T07:41:43+00:00\" \/>\n<meta property=\"og:image\" content=\"http:\/\/biztonsagiaj.to\/wp-content\/uploads\/2016\/05\/1.jpg\" \/>\n<meta name=\"twitter:card\" content=\"summary_large_image\" \/>\n<script type=\"application\/ld+json\" class=\"yoast-schema-graph\">{\"@context\":\"https:\/\/schema.org\",\"@graph\":[{\"@type\":\"WebPage\",\"@id\":\"https:\/\/biztonsagiaj.to\/en\/galeria\/\",\"url\":\"https:\/\/biztonsagiaj.to\/en\/galeria\/\",\"name\":\"[:hu]Gal\u00e9ria[:en]Gallery[:de]Galerie[:] - Biztons\u00e1gi ajt\u00f3\",\"isPartOf\":{\"@id\":\"https:\/\/biztonsagiaj.to\/#website\"},\"primaryImageOfPage\":{\"@id\":\"https:\/\/biztonsagiaj.to\/en\/galeria\/#primaryimage\"},\"image\":{\"@id\":\"https:\/\/biztonsagiaj.to\/en\/galeria\/#primaryimage\"},\"thumbnailUrl\":\"http:\/\/biztonsagiaj.to\/wp-content\/uploads\/2016\/05\/1.jpg\",\"datePublished\":\"2016-05-15T14:12:13+00:00\",\"dateModified\":\"2016-05-16T07:41:43+00:00\",\"breadcrumb\":{\"@id\":\"https:\/\/biztonsagiaj.to\/en\/galeria\/#breadcrumb\"},\"inLanguage\":\"en-US\",\"potentialAction\":[{\"@type\":\"ReadAction\",\"target\":[\"https:\/\/biztonsagiaj.to\/en\/galeria\/\"]}]},{\"@type\":\"ImageObject\",\"inLanguage\":\"en-US\",\"@id\":\"https:\/\/biztonsagiaj.to\/en\/galeria\/#primaryimage\",\"url\":\"http:\/\/biztonsagiaj.to\/wp-content\/uploads\/2016\/05\/1.jpg\",\"contentUrl\":\"http:\/\/biztonsagiaj.to\/wp-content\/uploads\/2016\/05\/1.jpg\"},{\"@type\":\"BreadcrumbList\",\"@id\":\"https:\/\/biztonsagiaj.to\/en\/galeria\/#breadcrumb\",\"itemListElement\":[{\"@type\":\"ListItem\",\"position\":1,\"name\":\"Kezd\u0151lap\",\"item\":\"https:\/\/biztonsagiaj.to\/\"},{\"@type\":\"ListItem\",\"position\":2,\"name\":\"Gallery\"}]},{\"@type\":\"WebSite\",\"@id\":\"https:\/\/biztonsagiaj.to\/#website\",\"url\":\"https:\/\/biztonsagiaj.to\/\",\"name\":\"Biztons\u00e1gi ajt\u00f3\",\"description\":\"Biztons\u00e1g, elegancia. F\u00e1ra\u00f3 biztons\u00e1gi ajt\u00f3k\",\"potentialAction\":[{\"@type\":\"SearchAction\",\"target\":{\"@type\":\"EntryPoint\",\"urlTemplate\":\"https:\/\/biztonsagiaj.to\/?s={search_term_string}\"},\"query-input\":{\"@type\":\"PropertyValueSpecification\",\"valueRequired\":true,\"valueName\":\"search_term_string\"}}],\"inLanguage\":\"en-US\"}]}<\/script>\n<!-- \/ Yoast SEO plugin. -->","yoast_head_json":{"title":"[:hu]Gal\u00e9ria[:en]Gallery[:de]Galerie[:] - Biztons\u00e1gi ajt\u00f3","robots":{"index":"index","follow":"follow","max-snippet":"max-snippet:-1","max-image-preview":"max-image-preview:large","max-video-preview":"max-video-preview:-1"},"canonical":"https:\/\/biztonsagiaj.to\/en\/galeria\/","og_locale":"en_US","og_type":"article","og_title":"[:hu]Gal\u00e9ria[:en]Gallery[:de]Galerie[:] - Biztons\u00e1gi ajt\u00f3","og_url":"https:\/\/biztonsagiaj.to\/en\/galeria\/","og_site_name":"Biztons\u00e1gi ajt\u00f3","article_modified_time":"2016-05-16T07:41:43+00:00","og_image":[{"url":"http:\/\/biztonsagiaj.to\/wp-content\/uploads\/2016\/05\/1.jpg"}],"twitter_card":"summary_large_image","schema":{"@context":"https:\/\/schema.org","@graph":[{"@type":"WebPage","@id":"https:\/\/biztonsagiaj.to\/en\/galeria\/","url":"https:\/\/biztonsagiaj.to\/en\/galeria\/","name":"[:hu]Gal\u00e9ria[:en]Gallery[:de]Galerie[:] - Biztons\u00e1gi ajt\u00f3","isPartOf":{"@id":"https:\/\/biztonsagiaj.to\/#website"},"primaryImageOfPage":{"@id":"https:\/\/biztonsagiaj.to\/en\/galeria\/#primaryimage"},"image":{"@id":"https:\/\/biztonsagiaj.to\/en\/galeria\/#primaryimage"},"thumbnailUrl":"http:\/\/biztonsagiaj.to\/wp-content\/uploads\/2016\/05\/1.jpg","datePublished":"2016-05-15T14:12:13+00:00","dateModified":"2016-05-16T07:41:43+00:00","breadcrumb":{"@id":"https:\/\/biztonsagiaj.to\/en\/galeria\/#breadcrumb"},"inLanguage":"en-US","potentialAction":[{"@type":"ReadAction","target":["https:\/\/biztonsagiaj.to\/en\/galeria\/"]}]},{"@type":"ImageObject","inLanguage":"en-US","@id":"https:\/\/biztonsagiaj.to\/en\/galeria\/#primaryimage","url":"http:\/\/biztonsagiaj.to\/wp-content\/uploads\/2016\/05\/1.jpg","contentUrl":"http:\/\/biztonsagiaj.to\/wp-content\/uploads\/2016\/05\/1.jpg"},{"@type":"BreadcrumbList","@id":"https:\/\/biztonsagiaj.to\/en\/galeria\/#breadcrumb","itemListElement":[{"@type":"ListItem","position":1,"name":"Kezd\u0151lap","item":"https:\/\/biztonsagiaj.to\/"},{"@type":"ListItem","position":2,"name":"Gallery"}]},{"@type":"WebSite","@id":"https:\/\/biztonsagiaj.to\/#website","url":"https:\/\/biztonsagiaj.to\/","name":"Biztons\u00e1gi ajt\u00f3","description":"Biztons\u00e1g, elegancia. F\u00e1ra\u00f3 biztons\u00e1gi ajt\u00f3k","potentialAction":[{"@type":"SearchAction","target":{"@type":"EntryPoint","urlTemplate":"https:\/\/biztonsagiaj.to\/?s={search_term_string}"},"query-input":{"@type":"PropertyValueSpecification","valueRequired":true,"valueName":"search_term_string"}}],"inLanguage":"en-US"}]}},"_links":{"self":[{"href":"https:\/\/biztonsagiaj.to\/en\/wp-json\/wp\/v2\/pages\/2299"}],"collection":[{"href":"https:\/\/biztonsagiaj.to\/en\/wp-json\/wp\/v2\/pages"}],"about":[{"href":"https:\/\/biztonsagiaj.to\/en\/wp-json\/wp\/v2\/types\/page"}],"author":[{"embeddable":true,"href":"https:\/\/biztonsagiaj.to\/en\/wp-json\/wp\/v2\/users\/1"}],"replies":[{"embeddable":true,"href":"https:\/\/biztonsagiaj.to\/en\/wp-json\/wp\/v2\/comments?post=2299"}],"version-history":[{"count":11,"href":"https:\/\/biztonsagiaj.to\/en\/wp-json\/wp\/v2\/pages\/2299\/revisions"}],"predecessor-version":[{"id":2415,"href":"https:\/\/biztonsagiaj.to\/en\/wp-json\/wp\/v2\/pages\/2299\/revisions\/2415"}],"wp:attachment":[{"href":"https:\/\/biztonsagiaj.to\/en\/wp-json\/wp\/v2\/media?parent=2299"}],"curies":[{"name":"wp","href":"https:\/\/api.w.org\/{rel}","templated":true}]}}