{"id":7,"date":"2014-10-15T12:59:47","date_gmt":"2014-10-15T12:59:47","guid":{"rendered":"http:\/\/xml-io.proteusthemes.com\/buildpress\/?page_id=7"},"modified":"2024-11-06T13:24:30","modified_gmt":"2024-11-06T13:24:30","slug":"front-page","status":"publish","type":"page","link":"https:\/\/biztonsagiaj.to\/en\/","title":{"rendered":"Front Page"},"content":{"rendered":"<div id=\"pl-7\"  class=\"panel-layout\" ><div id=\"pg-7-0\"  class=\"panel-grid panel-no-style\" ><div id=\"pgc-7-0-0\"  class=\"panel-grid-cell panel-grid-cell-empty\" ><\/div><\/div><div id=\"pg-7-1\"  class=\"panel-grid panel-no-style\" ><div id=\"pgc-7-1-0\"  class=\"panel-grid-cell\" ><div id=\"panel-7-1-0-0\" class=\"so-panel widget widget_black-studio-tinymce widget_black_studio_tinymce panel-first-child panel-last-child\" data-index=\"0\" ><h3 class=\"widget-title\">Maximum safety<\/h3><div class=\"textwidget\"><h5><span style=\"color: #fcc71f;\"><br \/> <span class=\"icon-container\"><span class=\"fa fa-check\"><\/span><\/span><\/span>\u00a0the highest standard safety level - <a href=\"http:\/\/www.pluto.hu\/nytsz\/4922-10-2-20110915.pdf\" target=\"_blank\">MABISZ I.<\/a><\/h5>\n<\/div><\/div><\/div><div id=\"pgc-7-1-1\"  class=\"panel-grid-cell\" ><div id=\"panel-7-1-1-0\" class=\"so-panel widget widget_black-studio-tinymce widget_black_studio_tinymce panel-first-child panel-last-child\" data-index=\"1\" ><h3 class=\"widget-title\">Hungarian product<\/h3><div class=\"textwidget\"><h5><span style=\"color: #fcc71f;\"><br \/> <span class=\"icon-container\"><span class=\"fa fa-check\"><\/span><\/span><\/span>\u00a0Hungarian product from Hungarian manufacturer<\/h5>\n<\/div><\/div><\/div><div id=\"pgc-7-1-2\"  class=\"panel-grid-cell\" ><div id=\"panel-7-1-2-0\" class=\"so-panel widget widget_black-studio-tinymce widget_black_studio_tinymce panel-first-child panel-last-child\" data-index=\"2\" ><h3 class=\"widget-title\">Aesthetic design<\/h3><div class=\"textwidget\"><h5><span style=\"color: #fcc71f;\"><br \/> <span class=\"icon-container\"><span class=\"fa fa-check\"><\/span><\/span><\/span>\u00a0The lock mechanism is totally hidden, if the door is closed, no metallic parts are visible<\/h5>\n<\/div><\/div><\/div><\/div><div id=\"pg-7-2\"  class=\"panel-grid panel-has-style\" ><div class=\"siteorigin-panels-stretch panel-row-style panel-row-style-for-7-2\" data-stretch-type=\"full\" ><div id=\"pgc-7-2-0\"  class=\"panel-grid-cell\" ><div id=\"panel-7-2-0-0\" class=\"so-panel widget widget_pt_banner widget-banner panel-first-child panel-last-child\" data-index=\"3\" ><div class=\"panel-widget-style panel-widget-style-for-7-2-0-0\" >\t\t\t\t<div class=\"banner__text\">\n\t\t\t\t\tAre you looking for safety door? Got it!\t\t\t\t<\/div>\n\t\t\t\t<div class=\"banner__buttons\">\n\t\t\t\t\t<a class=\"btn  btn-primary\" href=\"contact-us\" target=\"_self\">Get a quote<\/a> \u00a0 <a class=\"btn  btn-info\" href=\"arlista-2\" target=\"_self\">Check our products<\/a>\t\t\t\t<\/div>\n\t\t\t<\/div><\/div><\/div><\/div><\/div><div id=\"pg-7-3\"  class=\"panel-grid panel-no-style\" ><div id=\"pgc-7-3-0\"  class=\"panel-grid-cell\" ><div id=\"panel-7-3-0-0\" class=\"so-panel widget widget_black-studio-tinymce widget_black_studio_tinymce panel-first-child panel-last-child\" data-index=\"4\" ><h3 class=\"widget-title\">Safety door<\/h3><div class=\"textwidget\"><h5><span style=\"color: #fcc71f;\"><br \/> <span class=\"icon-container\"><span class=\"fa fa-check\"><\/span><\/span><\/span>\u00a0High safety level<\/h5>\n<p>12 point locking mechanism, <a href=\"http:\/\/www.pluto.hu\/nytsz\/4922-10-2-20110915.pdf\" target=\"_blank\">MABISZ certificate<\/a><\/p>\n<h5><span style=\"color: #fcc71f;\"><br \/> <span class=\"icon-container\"><span class=\"fa fa-check\"><\/span><\/span>\u00a0<\/span>High quality\u00a0level<\/h5>\n<p>Aesthetic wooden paneling, hidden hinges<\/p>\n<p>\u00a0<\/p>\n<\/div><\/div><\/div><div id=\"pgc-7-3-1\"  class=\"panel-grid-cell\" ><div id=\"panel-7-3-1-0\" class=\"so-panel widget widget_black-studio-tinymce widget_black_studio_tinymce panel-first-child\" data-index=\"5\" ><div class=\"textwidget\"><h5><span style=\"color: #fcc71f;\"><br \/> <\/span>Visit our product page of safety door!\u00a0<\/h5>\n<\/div><\/div><div id=\"panel-7-3-1-1\" class=\"so-panel widget widget_pt_featured_page widget-featured-page panel-last-child\" data-index=\"6\" >\t\t\t\t<div class=\"page-box page-box--inline post-7 page type-page status-publish hentry\">\n\t\t\t\t\t\t\t\t\t<a class=\"page-box__picture\" href=\"https:\/\/biztonsagiaj.to\/en\/biztonsagi-ajto\/\"><img loading=\"lazy\" decoding=\"async\" width=\"100\" height=\"75\" src=\"https:\/\/biztonsagiaj.to\/wp-content\/uploads\/2016\/05\/img0201-100x75.jpeg\" class=\"attachment-100x75-crop size-100x75-crop wp-post-image\" alt=\"\" \/><\/a>\n\t\t\t\t\t\t\t\t\t<div class=\"page-box__content\">\n\t\t\t\t\t\t<h5 class=\"page-box__title  text-uppercase\"><a href=\"https:\/\/biztonsagiaj.to\/en\/biztonsagi-ajto\/\">Safety door<\/a><\/h5>\n\t\t\t\t\t\t<p><\/p>\n\t\t\t\t\t\t\t\t\t\t\t<\/div>\n\t\t\t\t<\/div>\n\n\t\t\t<\/div><\/div><\/div><div id=\"pg-7-4\"  class=\"panel-grid panel-has-style\" ><div class=\"siteorigin-panels-stretch panel-row-style panel-row-style-for-7-4\" data-stretch-type=\"full\" ><div id=\"pgc-7-4-0\"  class=\"panel-grid-cell\" ><div id=\"panel-7-4-0-0\" class=\"so-panel widget widget_text panel-first-child panel-last-child\" data-index=\"7\" >\t\t\t<div class=\"textwidget\"><div class=\"motivational-text\">The most important thing is that you and your family feel completely safe in your home. Up to today's we produced more than 6000 doors. This fact and our 25-year old experiences in the construction industry guarantee your comfort and security.<\/div><\/div>\n\t\t<\/div><\/div><\/div><\/div><\/div>","protected":false},"excerpt":{"rendered":"<p>\u00a0the highest standard safety level &#8211; MABISZ I. \u00a0Hungarian product from Hungarian manufacturer \u00a0The lock mechanism is totally hidden, if the door is closed, no metallic parts are visible<\/p>\n","protected":false},"author":1,"featured_media":0,"parent":0,"menu_order":0,"comment_status":"closed","ping_status":"closed","template":"template-front-page-slider.php","meta":{"footnotes":""},"class_list":["post-7","page","type-page","status-publish","hentry"],"yoast_head":"<!-- This site is optimized with the Yoast SEO plugin v23.6 - https:\/\/yoast.com\/wordpress\/plugins\/seo\/ -->\n<title>Front Page - Biztons\u00e1gi ajt\u00f3<\/title>\n<meta name=\"robots\" content=\"index, follow, max-snippet:-1, max-image-preview:large, max-video-preview:-1\" \/>\n<link rel=\"canonical\" href=\"https:\/\/biztonsagiaj.to\/\" \/>\n<meta property=\"og:locale\" content=\"en_US\" \/>\n<meta property=\"og:type\" content=\"article\" \/>\n<meta property=\"og:title\" content=\"Front Page - Biztons\u00e1gi ajt\u00f3\" \/>\n<meta property=\"og:description\" content=\"\u00a0the highest standard safety level - MABISZ I. \u00a0Hungarian product from Hungarian manufacturer \u00a0The lock mechanism is totally hidden, if the door is closed, no metallic parts are visible\" \/>\n<meta property=\"og:url\" content=\"https:\/\/biztonsagiaj.to\/\" \/>\n<meta property=\"og:site_name\" content=\"Biztons\u00e1gi ajt\u00f3\" \/>\n<meta property=\"article:modified_time\" content=\"2024-11-06T13:24:30+00:00\" \/>\n<meta name=\"twitter:card\" content=\"summary_large_image\" \/>\n<meta name=\"twitter:label1\" content=\"Est. reading time\" \/>\n\t<meta name=\"twitter:data1\" content=\"2 minutes\" \/>\n<script type=\"application\/ld+json\" class=\"yoast-schema-graph\">{\"@context\":\"https:\/\/schema.org\",\"@graph\":[{\"@type\":\"WebPage\",\"@id\":\"https:\/\/biztonsagiaj.to\/\",\"url\":\"https:\/\/biztonsagiaj.to\/\",\"name\":\"Front Page - Biztons\u00e1gi ajt\u00f3\",\"isPartOf\":{\"@id\":\"https:\/\/biztonsagiaj.to\/#website\"},\"datePublished\":\"2014-10-15T12:59:47+00:00\",\"dateModified\":\"2024-11-06T13:24:30+00:00\",\"breadcrumb\":{\"@id\":\"https:\/\/biztonsagiaj.to\/#breadcrumb\"},\"inLanguage\":\"en-US\",\"potentialAction\":[{\"@type\":\"ReadAction\",\"target\":[\"https:\/\/biztonsagiaj.to\/\"]}]},{\"@type\":\"BreadcrumbList\",\"@id\":\"https:\/\/biztonsagiaj.to\/#breadcrumb\",\"itemListElement\":[{\"@type\":\"ListItem\",\"position\":1,\"name\":\"Kezd\u0151lap\",\"item\":\"https:\/\/biztonsagiaj.to\/\"},{\"@type\":\"ListItem\",\"position\":2,\"name\":\"Front Page\"}]},{\"@type\":\"WebSite\",\"@id\":\"https:\/\/biztonsagiaj.to\/#website\",\"url\":\"https:\/\/biztonsagiaj.to\/\",\"name\":\"Biztons\u00e1gi ajt\u00f3\",\"description\":\"Biztons\u00e1g, elegancia. F\u00e1ra\u00f3 biztons\u00e1gi ajt\u00f3k\",\"potentialAction\":[{\"@type\":\"SearchAction\",\"target\":{\"@type\":\"EntryPoint\",\"urlTemplate\":\"https:\/\/biztonsagiaj.to\/?s={search_term_string}\"},\"query-input\":{\"@type\":\"PropertyValueSpecification\",\"valueRequired\":true,\"valueName\":\"search_term_string\"}}],\"inLanguage\":\"en-US\"}]}<\/script>\n<!-- \/ Yoast SEO plugin. -->","yoast_head_json":{"title":"Front Page - Biztons\u00e1gi ajt\u00f3","robots":{"index":"index","follow":"follow","max-snippet":"max-snippet:-1","max-image-preview":"max-image-preview:large","max-video-preview":"max-video-preview:-1"},"canonical":"https:\/\/biztonsagiaj.to\/","og_locale":"en_US","og_type":"article","og_title":"Front Page - Biztons\u00e1gi ajt\u00f3","og_description":"\u00a0the highest standard safety level - MABISZ I. \u00a0Hungarian product from Hungarian manufacturer \u00a0The lock mechanism is totally hidden, if the door is closed, no metallic parts are visible","og_url":"https:\/\/biztonsagiaj.to\/","og_site_name":"Biztons\u00e1gi ajt\u00f3","article_modified_time":"2024-11-06T13:24:30+00:00","twitter_card":"summary_large_image","twitter_misc":{"Est. reading time":"2 minutes"},"schema":{"@context":"https:\/\/schema.org","@graph":[{"@type":"WebPage","@id":"https:\/\/biztonsagiaj.to\/","url":"https:\/\/biztonsagiaj.to\/","name":"Front Page - Biztons\u00e1gi ajt\u00f3","isPartOf":{"@id":"https:\/\/biztonsagiaj.to\/#website"},"datePublished":"2014-10-15T12:59:47+00:00","dateModified":"2024-11-06T13:24:30+00:00","breadcrumb":{"@id":"https:\/\/biztonsagiaj.to\/#breadcrumb"},"inLanguage":"en-US","potentialAction":[{"@type":"ReadAction","target":["https:\/\/biztonsagiaj.to\/"]}]},{"@type":"BreadcrumbList","@id":"https:\/\/biztonsagiaj.to\/#breadcrumb","itemListElement":[{"@type":"ListItem","position":1,"name":"Kezd\u0151lap","item":"https:\/\/biztonsagiaj.to\/"},{"@type":"ListItem","position":2,"name":"Front Page"}]},{"@type":"WebSite","@id":"https:\/\/biztonsagiaj.to\/#website","url":"https:\/\/biztonsagiaj.to\/","name":"Biztons\u00e1gi ajt\u00f3","description":"Biztons\u00e1g, elegancia. F\u00e1ra\u00f3 biztons\u00e1gi ajt\u00f3k","potentialAction":[{"@type":"SearchAction","target":{"@type":"EntryPoint","urlTemplate":"https:\/\/biztonsagiaj.to\/?s={search_term_string}"},"query-input":{"@type":"PropertyValueSpecification","valueRequired":true,"valueName":"search_term_string"}}],"inLanguage":"en-US"}]}},"_links":{"self":[{"href":"https:\/\/biztonsagiaj.to\/en\/wp-json\/wp\/v2\/pages\/7"}],"collection":[{"href":"https:\/\/biztonsagiaj.to\/en\/wp-json\/wp\/v2\/pages"}],"about":[{"href":"https:\/\/biztonsagiaj.to\/en\/wp-json\/wp\/v2\/types\/page"}],"author":[{"embeddable":true,"href":"https:\/\/biztonsagiaj.to\/en\/wp-json\/wp\/v2\/users\/1"}],"replies":[{"embeddable":true,"href":"https:\/\/biztonsagiaj.to\/en\/wp-json\/wp\/v2\/comments?post=7"}],"version-history":[{"count":53,"href":"https:\/\/biztonsagiaj.to\/en\/wp-json\/wp\/v2\/pages\/7\/revisions"}],"predecessor-version":[{"id":19895,"href":"https:\/\/biztonsagiaj.to\/en\/wp-json\/wp\/v2\/pages\/7\/revisions\/19895"}],"wp:attachment":[{"href":"https:\/\/biztonsagiaj.to\/en\/wp-json\/wp\/v2\/media?parent=7"}],"curies":[{"name":"wp","href":"https:\/\/api.w.org\/{rel}","templated":true}]}}